{"id":240,"date":"2025-12-20T12:25:46","date_gmt":"2025-12-20T11:25:46","guid":{"rendered":"https:\/\/hosting160656eu-cp518.wordpresstemporal.com\/temporal\/?page_id=240"},"modified":"2026-04-17T13:38:09","modified_gmt":"2026-04-17T11:38:09","slug":"inicio","status":"publish","type":"page","link":"https:\/\/gfestate.com\/","title":{"rendered":"HOME \u2013 CONTENIDO"},"content":{"rendered":"<h1 class=\"wp-block-heading alignfull has-text-align-center has-xx-large-font-size\" style=\"margin-top:40px\">Exclusive Properties and Real Estate Opportunities on the Costa del Sol<\/h1>\n\n\n\n<p class=\"has-text-align-center\">We assist buyers and investors on the Costa del Sol with expertise, discretion, and a clear understanding of real estate value.<\/p>\n\n\n\n<div class=\"wp-block-columns is-layout-flex wp-container-core-columns-is-layout-28f84493 wp-block-columns-is-layout-flex\">\n<div class=\"wp-block-column is-layout-flow wp-block-column-is-layout-flow\">\n<h3 class=\"wp-block-heading has-text-align-center\" style=\"margin-top:40px;margin-bottom:40px\">Buy<\/h3>\n\n\n\n<p class=\"has-text-align-center\" style=\"margin-top:0px;margin-bottom:15px\">Carefully selected properties to live in or invest in on the Costa del Sol.<\/p>\n\n\n\n<div class=\"wp-block-buttons is-content-justification-center is-layout-flex wp-container-core-buttons-is-layout-a89b3969 wp-block-buttons-is-layout-flex\">\n<div class=\"wp-block-button is-style-outline is-style-outline--1\"><a class=\"wp-block-button__link wp-element-button\" href=\"https:\/\/gfestate.com\/en\/propiedades\/\" style=\"border-width:2px;border-top-left-radius:22px;border-top-right-radius:22px;border-bottom-left-radius:22px;border-bottom-right-radius:22px;padding-top:var(--wp--preset--spacing--20);padding-right:var(--wp--preset--spacing--50);padding-bottom:var(--wp--preset--spacing--20);padding-left:var(--wp--preset--spacing--50)\">Browse Properties for Sale<\/a><\/div>\n<\/div>\n<\/div>\n\n\n\n<div class=\"wp-block-column is-layout-flow wp-block-column-is-layout-flow\">\n<h3 class=\"wp-block-heading has-text-align-center\" style=\"margin-top:40px;margin-bottom:40px\">Rent<\/h3>\n\n\n\n<p class=\"has-text-align-center\">Residential and mid-term rentals in premium locations.<\/p>\n\n\n\n<div class=\"wp-block-buttons is-content-justification-center is-layout-flex wp-container-core-buttons-is-layout-a89b3969 wp-block-buttons-is-layout-flex\">\n<div class=\"wp-block-button is-style-outline is-style-outline--2\"><a class=\"wp-block-button__link has-base-background-color has-background wp-element-button\" href=\"\/en\/propiedades-en-la-costa-del-sol\/\" style=\"border-width:2px;border-top-left-radius:22px;border-top-right-radius:22px;border-bottom-left-radius:22px;border-bottom-right-radius:22px;padding-top:var(--wp--preset--spacing--20);padding-right:var(--wp--preset--spacing--50);padding-bottom:var(--wp--preset--spacing--20);padding-left:var(--wp--preset--spacing--50)\">Browse Rental Properties<\/a><\/div>\n<\/div>\n<\/div>\n\n\n\n<div class=\"wp-block-column is-layout-flow wp-block-column-is-layout-flow\">\n<h3 class=\"wp-block-heading has-text-align-center\" style=\"margin-top:40px;margin-bottom:40px\">Opportunities<\/h3>\n\n\n\n<p class=\"has-text-align-center\">High-potential assets, new developments, and off-market opportunities.<\/p>\n\n\n\n<div class=\"wp-block-buttons is-content-justification-center is-layout-flex wp-container-core-buttons-is-layout-a89b3969 wp-block-buttons-is-layout-flex\">\n<div class=\"wp-block-button is-style-outline is-style-outline--3\"><a class=\"wp-block-button__link has-base-background-color has-background has-medium-font-size has-custom-font-size wp-element-button\" href=\"\/en\/propiedades-en-la-costa-del-sol\/\" style=\"border-width:2px;border-top-left-radius:22px;border-top-right-radius:22px;border-bottom-left-radius:22px;border-bottom-right-radius:22px;padding-top:var(--wp--preset--spacing--20);padding-right:var(--wp--preset--spacing--50);padding-bottom:var(--wp--preset--spacing--20);padding-left:var(--wp--preset--spacing--50)\">View Opportunities<\/a><\/div>\n<\/div>\n<\/div>\n<\/div>\n\n\n\n<h2 class=\"wp-block-heading has-text-align-center is-style-default\" style=\"padding-top:14px;padding-bottom:14px\">Featured Areas on the Costa del Sol<\/h2>\n\n\n\n<p class=\"has-text-align-center\" style=\"margin-top:0px;margin-bottom:30px\">We select locations with the highest demand and strongest real estate growth potential.<\/p>\n\n\n\n<div class=\"wp-block-columns alignfull is-not-stacked-on-mobile is-layout-flex wp-container-core-columns-is-layout-9918f114 wp-block-columns-is-layout-flex\">\n<div class=\"wp-block-column is-vertically-aligned-stretch is-layout-flow wp-block-column-is-layout-flow\">\n<figure class=\"wp-block-image size-full\"><img loading=\"lazy\" decoding=\"async\" width=\"1920\" height=\"1080\" src=\"https:\/\/gfestate.com\/wp-content\/uploads\/2026\/04\/Malaga-1.jpg\" alt=\"\" class=\"wp-image-1564\" srcset=\"https:\/\/gfestate.com\/wp-content\/uploads\/2026\/04\/Malaga-1.jpg 1920w, https:\/\/gfestate.com\/wp-content\/uploads\/2026\/04\/Malaga-1-600x338.jpg 600w, https:\/\/gfestate.com\/wp-content\/uploads\/2026\/04\/Malaga-1-768x432.jpg 768w, https:\/\/gfestate.com\/wp-content\/uploads\/2026\/04\/Malaga-1-1536x864.jpg 1536w, https:\/\/gfestate.com\/wp-content\/uploads\/2026\/04\/Malaga-1-18x10.jpg 18w\" sizes=\"auto, (max-width: 1920px) 100vw, 1920px\" \/><\/figure>\n\n\n\n<h2 class=\"wp-block-heading has-text-align-center\">M\u00e1laga<\/h2>\n<\/div>\n\n\n\n<div class=\"wp-block-column is-vertically-aligned-stretch is-layout-flow wp-block-column-is-layout-flow\">\n<figure class=\"wp-block-image size-full\"><img loading=\"lazy\" decoding=\"async\" width=\"1920\" height=\"1080\" src=\"https:\/\/gfestate.com\/wp-content\/uploads\/2026\/04\/Benalmadena-1.jpg\" alt=\"\" class=\"wp-image-1565\" srcset=\"https:\/\/gfestate.com\/wp-content\/uploads\/2026\/04\/Benalmadena-1.jpg 1920w, https:\/\/gfestate.com\/wp-content\/uploads\/2026\/04\/Benalmadena-1-600x338.jpg 600w, https:\/\/gfestate.com\/wp-content\/uploads\/2026\/04\/Benalmadena-1-768x432.jpg 768w, https:\/\/gfestate.com\/wp-content\/uploads\/2026\/04\/Benalmadena-1-1536x864.jpg 1536w, https:\/\/gfestate.com\/wp-content\/uploads\/2026\/04\/Benalmadena-1-18x10.jpg 18w\" sizes=\"auto, (max-width: 1920px) 100vw, 1920px\" \/><\/figure>\n\n\n\n<h2 class=\"wp-block-heading has-text-align-center\">Benalm\u00e1dena<\/h2>\n<\/div>\n\n\n\n<div class=\"wp-block-column is-vertically-aligned-stretch is-layout-flow wp-block-column-is-layout-flow\">\n<figure class=\"wp-block-image size-full\"><img loading=\"lazy\" decoding=\"async\" width=\"1920\" height=\"1080\" src=\"https:\/\/gfestate.com\/wp-content\/uploads\/2026\/04\/Fuengirola-1.jpg\" alt=\"\" class=\"wp-image-1566\" srcset=\"https:\/\/gfestate.com\/wp-content\/uploads\/2026\/04\/Fuengirola-1.jpg 1920w, https:\/\/gfestate.com\/wp-content\/uploads\/2026\/04\/Fuengirola-1-600x338.jpg 600w, https:\/\/gfestate.com\/wp-content\/uploads\/2026\/04\/Fuengirola-1-768x432.jpg 768w, https:\/\/gfestate.com\/wp-content\/uploads\/2026\/04\/Fuengirola-1-1536x864.jpg 1536w, https:\/\/gfestate.com\/wp-content\/uploads\/2026\/04\/Fuengirola-1-18x10.jpg 18w\" sizes=\"auto, (max-width: 1920px) 100vw, 1920px\" \/><\/figure>\n\n\n\n<h2 class=\"wp-block-heading has-text-align-center\">Fuengirola<\/h2>\n<\/div>\n<\/div>\n\n\n\n<div class=\"wp-block-columns is-layout-flex wp-container-core-columns-is-layout-28f84493 wp-block-columns-is-layout-flex\">\n<div class=\"wp-block-column is-vertically-aligned-stretch is-layout-flow wp-block-column-is-layout-flow\">\n<figure class=\"wp-block-image size-full\"><img loading=\"lazy\" decoding=\"async\" width=\"1920\" height=\"1080\" src=\"https:\/\/gfestate.com\/wp-content\/uploads\/2026\/04\/Mijas-1.jpg\" alt=\"\" class=\"wp-image-1567\" srcset=\"https:\/\/gfestate.com\/wp-content\/uploads\/2026\/04\/Mijas-1.jpg 1920w, https:\/\/gfestate.com\/wp-content\/uploads\/2026\/04\/Mijas-1-600x338.jpg 600w, https:\/\/gfestate.com\/wp-content\/uploads\/2026\/04\/Mijas-1-768x432.jpg 768w, https:\/\/gfestate.com\/wp-content\/uploads\/2026\/04\/Mijas-1-1536x864.jpg 1536w, https:\/\/gfestate.com\/wp-content\/uploads\/2026\/04\/Mijas-1-18x10.jpg 18w\" sizes=\"auto, (max-width: 1920px) 100vw, 1920px\" \/><\/figure>\n\n\n\n<h2 class=\"wp-block-heading has-text-align-center\">Mijas Costa<\/h2>\n<\/div>\n\n\n\n<div class=\"wp-block-column is-vertically-aligned-stretch is-layout-flow wp-block-column-is-layout-flow\">\n<figure class=\"wp-block-image size-full\"><img loading=\"lazy\" decoding=\"async\" width=\"1920\" height=\"1080\" src=\"https:\/\/gfestate.com\/wp-content\/uploads\/2026\/04\/Marbella-1.jpg\" alt=\"\" class=\"wp-image-1568\" srcset=\"https:\/\/gfestate.com\/wp-content\/uploads\/2026\/04\/Marbella-1.jpg 1920w, https:\/\/gfestate.com\/wp-content\/uploads\/2026\/04\/Marbella-1-600x338.jpg 600w, https:\/\/gfestate.com\/wp-content\/uploads\/2026\/04\/Marbella-1-768x432.jpg 768w, https:\/\/gfestate.com\/wp-content\/uploads\/2026\/04\/Marbella-1-1536x864.jpg 1536w, https:\/\/gfestate.com\/wp-content\/uploads\/2026\/04\/Marbella-1-18x10.jpg 18w\" sizes=\"auto, (max-width: 1920px) 100vw, 1920px\" \/><\/figure>\n\n\n\n<h2 class=\"wp-block-heading has-text-align-center\">Marbella<\/h2>\n<\/div>\n\n\n\n<div class=\"wp-block-column is-vertically-aligned-stretch is-layout-flow wp-block-column-is-layout-flow\">\n<figure class=\"wp-block-image size-full\"><img loading=\"lazy\" decoding=\"async\" width=\"1920\" height=\"1080\" src=\"https:\/\/gfestate.com\/wp-content\/uploads\/2026\/04\/Estepona-1.jpg\" alt=\"\" class=\"wp-image-1569\" srcset=\"https:\/\/gfestate.com\/wp-content\/uploads\/2026\/04\/Estepona-1.jpg 1920w, https:\/\/gfestate.com\/wp-content\/uploads\/2026\/04\/Estepona-1-600x338.jpg 600w, https:\/\/gfestate.com\/wp-content\/uploads\/2026\/04\/Estepona-1-768x432.jpg 768w, https:\/\/gfestate.com\/wp-content\/uploads\/2026\/04\/Estepona-1-1536x864.jpg 1536w, https:\/\/gfestate.com\/wp-content\/uploads\/2026\/04\/Estepona-1-18x10.jpg 18w\" sizes=\"auto, (max-width: 1920px) 100vw, 1920px\" \/><\/figure>\n\n\n\n<h2 class=\"wp-block-heading has-text-align-center\">Estepona<\/h2>\n<\/div>\n<\/div>\n\n\n\n<div style=\"margin-top:var(--wp--preset--spacing--20);margin-bottom:var(--wp--preset--spacing--20);height:30px\" aria-hidden=\"true\" class=\"wp-block-spacer\"><\/div>\n\n\n\n<figure class=\"wp-block-image aligncenter size-large is-resized\"><img loading=\"lazy\" decoding=\"async\" width=\"1920\" height=\"512\" src=\"https:\/\/gfestate.com\/wp-content\/uploads\/2026\/04\/003-1-1920x512.jpeg\" alt=\"\" class=\"wp-image-1582\" style=\"object-fit:cover;width:3000px;height:800px\" srcset=\"https:\/\/gfestate.com\/wp-content\/uploads\/2026\/04\/003-1-1920x512.jpeg 1920w, https:\/\/gfestate.com\/wp-content\/uploads\/2026\/04\/003-1-600x160.jpeg 600w, https:\/\/gfestate.com\/wp-content\/uploads\/2026\/04\/003-1-768x205.jpeg 768w, https:\/\/gfestate.com\/wp-content\/uploads\/2026\/04\/003-1-1536x410.jpeg 1536w, https:\/\/gfestate.com\/wp-content\/uploads\/2026\/04\/003-1-2048x546.jpeg 2048w, https:\/\/gfestate.com\/wp-content\/uploads\/2026\/04\/003-1-18x5.jpeg 18w\" sizes=\"auto, (max-width: 1920px) 100vw, 1920px\" \/><\/figure>\n\n\n\n<div class=\"wp-block-group has-global-padding is-layout-constrained wp-block-group-is-layout-constrained\">\n<h2 class=\"wp-block-heading\" style=\"padding-right:0px;padding-left:0px\">\u00bfBuscas invertir en la Costa del Sol sin perder tiempo?<\/h2>\n<\/div>\n\n\n\n<p class=\"has-text-align-center\">Analizamos tu perfil y te presentamos oportunidades que realmente encajan contigo.<\/p>\n\n\n\n<div style=\"height:25px\" aria-hidden=\"true\" class=\"wp-block-spacer\"><\/div>\n\n\n\n<div class=\"wp-block-group is-style-default has-contrast-color has-text-color has-background has-link-color has-x-large-font-size wp-elements-df2c545e94033487f36284d89b60e8aa wp-container-content-9cfa9a5a has-global-padding is-layout-constrained wp-container-core-group-is-layout-5cc9a06b wp-block-group-is-layout-constrained\" style=\"background-color:#0f172a;padding-top:40px;padding-right:40px;padding-bottom:40px;padding-left:40px\">\n<div class=\"wp-block-columns alignfull is-layout-flex wp-container-core-columns-is-layout-dd7ca6a6 wp-block-columns-is-layout-flex\" style=\"padding-top:40px;padding-right:40px;padding-bottom:40px;padding-left:40px\">\n<div class=\"wp-block-column is-layout-flow wp-block-column-is-layout-flow\">\n<h2 class=\"wp-block-heading has-text-align-center has-base-color has-text-color has-link-color wp-elements-54bd51a5bd4b6fb92ed1fdd1b1a308de\" style=\"margin-top:35px;margin-bottom:35px\">An\u00e1lisis Real De Mercado<\/h2>\n\n\n\n<p class=\"has-text-align-center has-text-color has-link-color has-medium-font-size wp-elements-04d23169a2e0f457f2d6f1547f510bd2\" style=\"color:#d1d5db\">Estudiamos ubicaci\u00f3n, precio y potencial antes de proponerte cualquier propiedad.<\/p>\n<\/div>\n\n\n\n<div class=\"wp-block-column is-layout-flow wp-block-column-is-layout-flow\">\n<h2 class=\"wp-block-heading has-text-align-center has-base-color has-text-color has-link-color wp-elements-4a3ec17239572e1af40c82f3c7c4e165\" style=\"margin-top:35px;margin-bottom:35px\">Acompa\u00f1amiento Completo<\/h2>\n\n\n\n<p class=\"has-text-align-center has-text-color has-link-color has-medium-font-size wp-elements-c80501dca05a6798804879dc4be4c40d\" style=\"color:#d1d5db\">Te guiamos desde la primera selecci\u00f3n hasta la firma, sin complicaciones ni p\u00e9rdidas de tiempo.<\/p>\n<\/div>\n\n\n\n<div class=\"wp-block-column is-layout-flow wp-block-column-is-layout-flow\">\n<h2 class=\"wp-block-heading has-text-align-center has-base-color has-text-color has-link-color wp-elements-5a4d2e35e4e299bccaf55477e57d51f5\" style=\"border-top-left-radius:0px;border-top-right-radius:0px;border-bottom-left-radius:0px;border-bottom-right-radius:0px;margin-top:35px;margin-bottom:35px\">Visi\u00f3n Inversora<\/h2>\n\n\n\n<p class=\"has-text-align-center is-style-default has-text-color has-link-color has-medium-font-size wp-elements-6a61c845f809d9c8b334bed9c4e94ddc\" style=\"color:#d1d5db\">Buscamos propiedades con potencial de rentabilidad y crecimiento a largo plazo.<\/p>\n<\/div>\n<\/div>\n<\/div>\n\n\n\n<div style=\"height:30px\" aria-hidden=\"true\" class=\"wp-block-spacer\"><\/div>\n\n\n\n<div class=\"wp-block-group has-background is-vertical is-content-justification-center is-layout-flex wp-container-core-group-is-layout-60ce57bd wp-block-group-is-layout-flex\" style=\"background-color:#0f172a;padding-top:80px;padding-right:30px;padding-bottom:80px;padding-left:30px\">\n<h2 class=\"wp-block-heading alignwide has-base-color has-text-color has-link-color wp-elements-e4bf31446dc2bbd836b5034706489cb5\">\u00bfListo para encontrar una buena oportunidad en la Costa del Sol?<\/h2>\n\n\n\n<p class=\"has-text-align-center has-text-color has-link-color wp-elements-74fa231f0ed200d9d93186a8c0c2a009\" style=\"color:#d1d5db\">Te ayudamos a tomar decisiones con criterio, sin presi\u00f3n y con datos reales.<\/p>\n\n\n\n<div class=\"wp-block-buttons is-layout-flex wp-block-buttons-is-layout-flex\">\n<div class=\"wp-block-button\"><a class=\"wp-block-button__link has-contrast-color has-base-background-color has-text-color has-background has-link-color wp-element-button\" href=\"https:\/\/wa.me\/34617363409?text=Hola,%20quiero%20informaci\u00f3n%20sobre%20una%20propiedad\" target=\"_blank\" rel=\"noopener\">Hablar con un asesor<\/a><\/div>\n<\/div>\n<\/div>\n\n\n\n<div style=\"height:30px\" aria-hidden=\"true\" class=\"wp-block-spacer\"><\/div>\n\n\n\n<div class=\"wp-block-group has-background has-global-padding is-content-justification-center is-layout-constrained wp-container-core-group-is-layout-512a3aaf wp-block-group-is-layout-constrained\" style=\"background-color:#f8f9fb;padding-top:60px;padding-right:30px;padding-bottom:60px;padding-left:30px\">\n<div class=\"wp-block-columns alignfull is-layout-flex wp-container-core-columns-is-layout-28f84493 wp-block-columns-is-layout-flex\">\n<div class=\"wp-block-column is-vertically-aligned-stretch has-text-color has-link-color wp-elements-61baa28e0bb57327a873e4580ded245f is-layout-flow wp-block-column-is-layout-flow\" style=\"border-style:none;border-width:0px;border-top-left-radius:0px;border-top-right-radius:0px;border-bottom-left-radius:0px;border-bottom-right-radius:0px;color:#444444;padding-top:0;padding-bottom:0\">\n<h2 class=\"wp-block-heading has-text-align-center has-contrast-color has-text-color has-link-color wp-elements-7cc11d6e5da12c5882bc2ccf041b3010\" style=\"border-style:none;border-width:0px;margin-top:0;margin-bottom:0;padding-top:var(--wp--preset--spacing--20);padding-bottom:var(--wp--preset--spacing--20)\"><strong>A&amp;D Real Estate<\/strong>  <\/h2>\n\n\n\n<p class=\"has-text-align-center has-large-font-size\" style=\"padding-right:var(--wp--preset--spacing--80);padding-left:var(--wp--preset--spacing--80)\">Especialistas en inversi\u00f3n inmobiliaria en la Costa del Sol. Trabajamos con criterio, datos reales y enfoque a largo plazo.<\/p>\n<\/div>\n\n\n\n<div class=\"wp-block-column is-vertically-aligned-stretch is-layout-flow wp-container-core-column-is-layout-8a368f38 wp-block-column-is-layout-flow\">\n<h2 class=\"wp-block-heading has-text-align-center has-contrast-color has-text-color has-link-color wp-elements-6a7a3136b81e6b8a612bb67dd2d953cc\" style=\"border-style:none;border-width:0px;margin-top:0;margin-bottom:0;padding-top:var(--wp--preset--spacing--30);padding-bottom:var(--wp--preset--spacing--30);font-style:normal;font-weight:600\"><strong><strong>Servicios<\/strong><\/strong><\/h2>\n\n\n\n<p class=\"has-text-align-center\" style=\"padding-top:0;padding-bottom:0\">Compra de vivienda<\/p>\n\n\n\n<p class=\"has-text-align-center\">Inversi\u00f3n inmobiliaria<\/p>\n\n\n\n<p class=\"has-text-align-center\">Asesoramiento personalizado<\/p>\n\n\n\n<p class=\"has-text-align-center\">Selecci\u00f3n de oportunidades<\/p>\n<\/div>\n\n\n\n<div class=\"wp-block-column is-vertically-aligned-stretch is-layout-flow wp-block-column-is-layout-flow\">\n<h2 class=\"wp-block-heading has-text-align-center has-contrast-color has-text-color has-link-color has-x-large-font-size wp-elements-982c3ad4dd1f74615fd3891579b7a447\" style=\"padding-top:var(--wp--preset--spacing--30);padding-bottom:var(--wp--preset--spacing--30)\">                     <strong>Contact<\/strong><\/h2>\n\n\n\n<p class=\"has-text-align-left\" style=\"border-style:none;border-width:0px;border-top-left-radius:0px;border-top-right-radius:0px;border-bottom-left-radius:0px;border-bottom-right-radius:0px;margin-top:0;margin-right:var(--wp--preset--spacing--60);margin-bottom:0;margin-left:var(--wp--preset--spacing--60)\">\ud83d\udcde +34 617 363 409<br>\ud83d\udccd C. Puerta del Mar 7, M\u00e1laga,  Costa del Sol <br>\u2709\ufe0f info@gfestate.com                                                               <\/p>\n<\/div>\n<\/div>\n<\/div>","protected":false},"excerpt":{"rendered":"<p>Propiedades Exclusivas y Oportunidades Inmobiliarias En La Costa Del Sol Acompa\u00f1amos a compradores e inversores en la Costa del Sol con criterio, discreci\u00f3n y una visi\u00f3n clara del valor inmobiliario. Comprar Viviendas seleccionadas para vivir o invertir en la Costa del Sol. Alquilar Alquiler residencial y de media estancia en ubicaciones premium. Oportunidades Activos con [&hellip;]<\/p>\n","protected":false},"author":1,"featured_media":0,"parent":0,"menu_order":0,"comment_status":"closed","ping_status":"closed","template":"","meta":{"footnotes":""},"class_list":["post-240","page","type-page","status-publish","hentry"],"_links":{"self":[{"href":"https:\/\/gfestate.com\/en\/wp-json\/wp\/v2\/pages\/240","targetHints":{"allow":["GET"]}}],"collection":[{"href":"https:\/\/gfestate.com\/en\/wp-json\/wp\/v2\/pages"}],"about":[{"href":"https:\/\/gfestate.com\/en\/wp-json\/wp\/v2\/types\/page"}],"author":[{"embeddable":true,"href":"https:\/\/gfestate.com\/en\/wp-json\/wp\/v2\/users\/1"}],"replies":[{"embeddable":true,"href":"https:\/\/gfestate.com\/en\/wp-json\/wp\/v2\/comments?post=240"}],"version-history":[{"count":94,"href":"https:\/\/gfestate.com\/en\/wp-json\/wp\/v2\/pages\/240\/revisions"}],"predecessor-version":[{"id":1593,"href":"https:\/\/gfestate.com\/en\/wp-json\/wp\/v2\/pages\/240\/revisions\/1593"}],"wp:attachment":[{"href":"https:\/\/gfestate.com\/en\/wp-json\/wp\/v2\/media?parent=240"}],"curies":[{"name":"wp","href":"https:\/\/api.w.org\/{rel}","templated":true}]}}